{"id":1252,"date":"2023-01-06T21:37:41","date_gmt":"2023-01-06T21:37:41","guid":{"rendered":"https:\/\/www.shoaibahmedshaikh.com\/de\/?page_id=1252"},"modified":"2023-01-06T22:05:22","modified_gmt":"2023-01-06T22:05:22","slug":"impressum","status":"publish","type":"page","link":"https:\/\/www.shoaibahmedshaikh.com\/de\/impressum\/","title":{"rendered":"Impressum"},"content":{"rendered":"<p><strong>Verantwortlich im Sinne des \u00a7 5 TMG<\/strong><\/p>\n<p>Herr Shoaib Ahmed Shaikh<br \/>\nHouse A, 1. Stock,<br \/>\nEdisonstra\u00dfe 63<br \/>\n12459 Berlin<\/p>\n<p>Deutschland<br \/>\nTel.: +49 30-40817-2828<br \/>\nE-Mail: care@shoaibahmedshaikh.com<\/p>\n<p>&nbsp;<\/p>\n<p><strong>Verantwortlicher Redakteur:<\/strong><\/p>\n<p>Herr Shoaib Ahmed Shaikh<br \/>\nHouse A, 1. Stock,<br \/>\nEdisonstra\u00dfe 63<br \/>\n12459 Berlin<\/p>\n<p>Deutschland<br \/>\nTel.: +49 30-40817-2828<br \/>\nE-Mail: care@shoaibahmedshaikh.com<\/p>\n<p>&nbsp;<\/p>\n<p><strong>Information nach \u00a7 36 VSBG:<\/strong><\/p>\n<p>Herr Shoaib Ahmed Shaikh ist nicht bereit oder verpflichtet, an Streitbeilegungsverfahren vor einer Verbraucherschlichtungsstelle teilzunehmen.<\/p>\n<p>&nbsp;<\/p>\n<p><strong>Haftungshinweis<\/strong><\/p>\n<p>Trotz sorgf\u00e4ltiger inhaltlicher Kontrolle \u00fcbernehmen wir keine Haftung f\u00fcr die Inhalte externer Links. F\u00fcr den Inhalt der verlinkten Seiten sind ausschlie\u00dflich deren Betreiber verantwortlich.<\/p>\n","protected":false},"excerpt":{"rendered":"<p>Verantwortlich im Sinne des \u00a7 5 TMG Herr Shoaib Ahmed Shaikh House A, 1. Stock, Edisonstra\u00dfe 63 12459 Berlin Deutschland Tel.: +49 30-40817-2828 E-Mail: care@shoaibahmedshaikh.com &nbsp; Verantwortlicher Redakteur: Herr Shoaib Ahmed Shaikh House A, 1. Stock, Edisonstra\u00dfe 63 12459 Berlin Deutschland Tel.: +49 30-40817-2828 E-Mail: care@shoaibahmedshaikh.com &nbsp; Information nach \u00a7 36 VSBG: Herr Shoaib Ahmed [&hellip;]<\/p>\n","protected":false},"author":2,"featured_media":0,"parent":0,"menu_order":0,"comment_status":"closed","ping_status":"closed","template":"content-page.php","meta":[],"acf":[],"yoast_head":"<!-- This site is optimized with the Yoast SEO plugin v19.12 - https:\/\/yoast.com\/wordpress\/plugins\/seo\/ -->\n<title>Impressum - Shoaib Ahmed Shaikh | Founder &amp; CEO | Axact | BOL | AAKHT | BSMT<\/title>\n<meta name=\"robots\" content=\"index, follow, max-snippet:-1, max-image-preview:large, max-video-preview:-1\" \/>\n<link rel=\"canonical\" href=\"https:\/\/www.shoaibahmedshaikh.com\/de\/impressum\/\" \/>\n<meta property=\"og:locale\" content=\"en_US\" \/>\n<meta property=\"og:type\" content=\"article\" \/>\n<meta property=\"og:title\" content=\"Impressum - Shoaib Ahmed Shaikh | Founder &amp; CEO | Axact | BOL | AAKHT | BSMT\" \/>\n<meta property=\"og:description\" content=\"Verantwortlich im Sinne des \u00a7 5 TMG Herr Shoaib Ahmed Shaikh House A, 1. Stock, Edisonstra\u00dfe 63 12459 Berlin Deutschland Tel.: +49 30-40817-2828 E-Mail: care@shoaibahmedshaikh.com &nbsp; Verantwortlicher Redakteur: Herr Shoaib Ahmed Shaikh House A, 1. Stock, Edisonstra\u00dfe 63 12459 Berlin Deutschland Tel.: +49 30-40817-2828 E-Mail: care@shoaibahmedshaikh.com &nbsp; Information nach \u00a7 36 VSBG: Herr Shoaib Ahmed [&hellip;]\" \/>\n<meta property=\"og:url\" content=\"https:\/\/www.shoaibahmedshaikh.com\/de\/impressum\/\" \/>\n<meta property=\"og:site_name\" content=\"Shoaib Ahmed Shaikh | Founder &amp; CEO | Axact | BOL | AAKHT | BSMT\" \/>\n<meta property=\"article:modified_time\" content=\"2023-01-06T22:05:22+00:00\" \/>\n<meta name=\"twitter:card\" content=\"summary_large_image\" \/>\n<meta name=\"twitter:label1\" content=\"Est. reading time\" \/>\n\t<meta name=\"twitter:data1\" content=\"1 minute\" \/>\n<script type=\"application\/ld+json\" class=\"yoast-schema-graph\">{\"@context\":\"https:\/\/schema.org\",\"@graph\":[{\"@type\":\"WebPage\",\"@id\":\"https:\/\/www.shoaibahmedshaikh.com\/de\/impressum\/\",\"url\":\"https:\/\/www.shoaibahmedshaikh.com\/de\/impressum\/\",\"name\":\"Impressum - Shoaib Ahmed Shaikh | Founder &amp; CEO | Axact | BOL | AAKHT | BSMT\",\"isPartOf\":{\"@id\":\"https:\/\/www.shoaibahmedshaikh.com\/de\/#website\"},\"datePublished\":\"2023-01-06T21:37:41+00:00\",\"dateModified\":\"2023-01-06T22:05:22+00:00\",\"breadcrumb\":{\"@id\":\"https:\/\/www.shoaibahmedshaikh.com\/de\/impressum\/#breadcrumb\"},\"inLanguage\":\"en-US\",\"potentialAction\":[{\"@type\":\"ReadAction\",\"target\":[\"https:\/\/www.shoaibahmedshaikh.com\/de\/impressum\/\"]}]},{\"@type\":\"BreadcrumbList\",\"@id\":\"https:\/\/www.shoaibahmedshaikh.com\/de\/impressum\/#breadcrumb\",\"itemListElement\":[{\"@type\":\"ListItem\",\"position\":1,\"name\":\"Home\",\"item\":\"https:\/\/www.shoaibahmedshaikh.com\/de\/\"},{\"@type\":\"ListItem\",\"position\":2,\"name\":\"Impressum\"}]},{\"@type\":\"WebSite\",\"@id\":\"https:\/\/www.shoaibahmedshaikh.com\/de\/#website\",\"url\":\"https:\/\/www.shoaibahmedshaikh.com\/de\/\",\"name\":\"Shoaib Ahmed Shaikh | Founder &amp; CEO | Axact | BOL | AAKHT | BSMT\",\"description\":\"\",\"potentialAction\":[{\"@type\":\"SearchAction\",\"target\":{\"@type\":\"EntryPoint\",\"urlTemplate\":\"https:\/\/www.shoaibahmedshaikh.com\/de\/?s={search_term_string}\"},\"query-input\":\"required name=search_term_string\"}],\"inLanguage\":\"en-US\"}]}<\/script>\n<!-- \/ Yoast SEO plugin. -->","yoast_head_json":{"title":"Impressum - Shoaib Ahmed Shaikh | Founder &amp; CEO | Axact | BOL | AAKHT | BSMT","robots":{"index":"index","follow":"follow","max-snippet":"max-snippet:-1","max-image-preview":"max-image-preview:large","max-video-preview":"max-video-preview:-1"},"canonical":"https:\/\/www.shoaibahmedshaikh.com\/de\/impressum\/","og_locale":"en_US","og_type":"article","og_title":"Impressum - Shoaib Ahmed Shaikh | Founder &amp; CEO | Axact | BOL | AAKHT | BSMT","og_description":"Verantwortlich im Sinne des \u00a7 5 TMG Herr Shoaib Ahmed Shaikh House A, 1. Stock, Edisonstra\u00dfe 63 12459 Berlin Deutschland Tel.: +49 30-40817-2828 E-Mail: care@shoaibahmedshaikh.com &nbsp; Verantwortlicher Redakteur: Herr Shoaib Ahmed Shaikh House A, 1. Stock, Edisonstra\u00dfe 63 12459 Berlin Deutschland Tel.: +49 30-40817-2828 E-Mail: care@shoaibahmedshaikh.com &nbsp; Information nach \u00a7 36 VSBG: Herr Shoaib Ahmed [&hellip;]","og_url":"https:\/\/www.shoaibahmedshaikh.com\/de\/impressum\/","og_site_name":"Shoaib Ahmed Shaikh | Founder &amp; CEO | Axact | BOL | AAKHT | BSMT","article_modified_time":"2023-01-06T22:05:22+00:00","twitter_card":"summary_large_image","twitter_misc":{"Est. reading time":"1 minute"},"schema":{"@context":"https:\/\/schema.org","@graph":[{"@type":"WebPage","@id":"https:\/\/www.shoaibahmedshaikh.com\/de\/impressum\/","url":"https:\/\/www.shoaibahmedshaikh.com\/de\/impressum\/","name":"Impressum - Shoaib Ahmed Shaikh | Founder &amp; CEO | Axact | BOL | AAKHT | BSMT","isPartOf":{"@id":"https:\/\/www.shoaibahmedshaikh.com\/de\/#website"},"datePublished":"2023-01-06T21:37:41+00:00","dateModified":"2023-01-06T22:05:22+00:00","breadcrumb":{"@id":"https:\/\/www.shoaibahmedshaikh.com\/de\/impressum\/#breadcrumb"},"inLanguage":"en-US","potentialAction":[{"@type":"ReadAction","target":["https:\/\/www.shoaibahmedshaikh.com\/de\/impressum\/"]}]},{"@type":"BreadcrumbList","@id":"https:\/\/www.shoaibahmedshaikh.com\/de\/impressum\/#breadcrumb","itemListElement":[{"@type":"ListItem","position":1,"name":"Home","item":"https:\/\/www.shoaibahmedshaikh.com\/de\/"},{"@type":"ListItem","position":2,"name":"Impressum"}]},{"@type":"WebSite","@id":"https:\/\/www.shoaibahmedshaikh.com\/de\/#website","url":"https:\/\/www.shoaibahmedshaikh.com\/de\/","name":"Shoaib Ahmed Shaikh | Founder &amp; CEO | Axact | BOL | AAKHT | BSMT","description":"","potentialAction":[{"@type":"SearchAction","target":{"@type":"EntryPoint","urlTemplate":"https:\/\/www.shoaibahmedshaikh.com\/de\/?s={search_term_string}"},"query-input":"required name=search_term_string"}],"inLanguage":"en-US"}]}},"_links":{"self":[{"href":"https:\/\/www.shoaibahmedshaikh.com\/de\/wp-json\/wp\/v2\/pages\/1252"}],"collection":[{"href":"https:\/\/www.shoaibahmedshaikh.com\/de\/wp-json\/wp\/v2\/pages"}],"about":[{"href":"https:\/\/www.shoaibahmedshaikh.com\/de\/wp-json\/wp\/v2\/types\/page"}],"author":[{"embeddable":true,"href":"https:\/\/www.shoaibahmedshaikh.com\/de\/wp-json\/wp\/v2\/users\/2"}],"replies":[{"embeddable":true,"href":"https:\/\/www.shoaibahmedshaikh.com\/de\/wp-json\/wp\/v2\/comments?post=1252"}],"version-history":[{"count":4,"href":"https:\/\/www.shoaibahmedshaikh.com\/de\/wp-json\/wp\/v2\/pages\/1252\/revisions"}],"predecessor-version":[{"id":1256,"href":"https:\/\/www.shoaibahmedshaikh.com\/de\/wp-json\/wp\/v2\/pages\/1252\/revisions\/1256"}],"wp:attachment":[{"href":"https:\/\/www.shoaibahmedshaikh.com\/de\/wp-json\/wp\/v2\/media?parent=1252"}],"curies":[{"name":"wp","href":"https:\/\/api.w.org\/{rel}","templated":true}]}}